{"id":11,"date":"2017-03-11T18:56:02","date_gmt":"2017-03-11T18:56:02","guid":{"rendered":"https:\/\/proktologia-rzeszow.pl\/?page_id=11"},"modified":"2020-06-17T20:25:07","modified_gmt":"2020-06-17T20:25:07","slug":"start","status":"publish","type":"page","link":"https:\/\/proktologia-rzeszow.pl\/","title":{"rendered":"START"},"content":{"rendered":"<h3 style=\"text-align: center;\"><strong>Prywatny Gabinet<\/strong><\/h3>\n<h3 style=\"text-align: center;\"><em><strong>Proktologiczny<\/strong><\/em><\/h3>\n<h4 style=\"text-align: center;\"><strong><span style=\"color: #128ac8;\">Godziny przyj\u0119\u0107<\/span><\/strong><\/h4>\n<h4 style=\"text-align: center;\">Wtorek<\/h4>\n<h4 style=\"text-align: center;\">15:00 \u2013 18:00<\/h4>\n<hr \/>\n<h3 style=\"text-align: center;\"><strong><span style=\"color: #128ac8;\">Rejestracja<\/span><\/strong><\/h3>\n<h5 style=\"text-align: center;\">Osobi\u015bcie w przychodni <strong><span style=\"color: #000000;\">CM SABAMED<\/span> <\/strong>lub pod numerami telefon\u00f3w:<\/h5>\n<h4 style=\"text-align: center;\"><strong>tel:<\/strong> 17 857 60 26<\/h4>\n<h4 style=\"text-align: center;\"><strong>tel:<\/strong> 530 470 160<\/h4>\n<h4 style=\"text-align: center;\"><strong>tel:<\/strong> 530 466 270<\/h4>\n<h3 style=\"text-align: center;\"><a href=\"http:\/\/online.sabamed.com.pl\/logowanie.html\" target=\"_blank\" rel=\"noopener noreferrer\"><span style=\"color: #bc451a;\">Rejestracja online<\/span><\/a><\/h3>\n<hr style=\"text-align: center;\" \/>\n<h2 style=\"text-align: center;\"><strong><span style=\"color: #128ac8;\">ADRES<\/span><\/strong><\/h2>\n<h4 style=\"text-align: center;\"><strong><span style=\"color: #000000;\">CENTRUM MEDYCZNE SABAMED &#8211; KRASNE<\/span><\/strong><br \/>\nKrasne 33 (przy trasie E4 Rzesz\u00f3w-\u0141a\u0144cut)<br \/>\n36-007 Krasne<\/h4>\n<p><script type=\"text\/javascript\"><br \/>\n(function(a,e,c,f,g,h,b,d){var k={ak:\"996863317\",cl:\"54Z_CNaeu28Q1dqr2wM\"};a[c]=a[c]||function(){(a[c].q=a[c].q||[]).push(arguments)};a[g]||(a[g]=k.ak);b=e.createElement(h);b.async=1;b.src=\"\/\/www.gstatic.com\/wcm\/loader.js\";d=e.getElementsByTagName(h)[0];d.parentNode.insertBefore(b,d);a[f]=function(b,d,e){a[c](2,b,k,d,null,new Date,e)};a[f]()})(window,document,\"_googWcmImpl\",\"_googWcmGet\",\"_googWcmAk\",\"script\");<br \/>\n<\/script><\/p>\n","protected":false},"excerpt":{"rendered":"<p>Prywatny Gabinet Proktologiczny Godziny przyj\u0119\u0107 Wtorek 15:00 \u2013 18:00 Rejestracja Osobi\u015bcie w przychodni CM SABAMED lub pod numerami telefon\u00f3w: tel: 17 857 60 26 tel: 530 470 160 tel: 530 466 270 Rejestracja online ADRES CENTRUM MEDYCZNE SABAMED &#8211; KRASNE Krasne 33 (przy trasie E4 Rzesz\u00f3w-\u0141a\u0144cut) 36-007 Krasne<\/p>\n","protected":false},"author":1,"featured_media":0,"parent":0,"menu_order":0,"comment_status":"closed","ping_status":"closed","template":"","meta":{"footnotes":""},"class_list":["post-11","page","type-page","status-publish","hentry"],"yoast_head":"<!-- This site is optimized with the Yoast SEO plugin v27.0 - https:\/\/yoast.com\/product\/yoast-seo-wordpress\/ -->\n<title>Prywatny Gabinet Proktologiczny CM Sabamed - lek. med. Tomasz Mac<\/title>\n<meta name=\"description\" content=\"tel: 17 857 60 26, Prywatny Gabinet Proktologiczny CM Sabamed Krasne 33 (przy trasie E4 Rzesz\u00f3w-\u0141a\u0144cut) diagnostyka i leczenie chor\u00f3b proktologicznych\" \/>\n<meta name=\"robots\" content=\"index, follow, max-snippet:-1, max-image-preview:large, max-video-preview:-1\" \/>\n<link rel=\"canonical\" href=\"https:\/\/proktologia-rzeszow.pl\/\" \/>\n<meta property=\"og:locale\" content=\"pl_PL\" \/>\n<meta property=\"og:type\" content=\"article\" \/>\n<meta property=\"og:title\" content=\"Prywatny Gabinet Proktologiczny CM Sabamed - lek. med. Tomasz Mac\" \/>\n<meta property=\"og:description\" content=\"tel: 17 857 60 26, Prywatny Gabinet Proktologiczny CM Sabamed Krasne 33 (przy trasie E4 Rzesz\u00f3w-\u0141a\u0144cut) diagnostyka i leczenie chor\u00f3b proktologicznych\" \/>\n<meta property=\"og:url\" content=\"https:\/\/proktologia-rzeszow.pl\/\" \/>\n<meta property=\"og:site_name\" content=\"lek. med. Tomasz Mac\" \/>\n<meta property=\"article:modified_time\" content=\"2020-06-17T20:25:07+00:00\" \/>\n<meta name=\"twitter:card\" content=\"summary_large_image\" \/>\n<script type=\"application\/ld+json\" class=\"yoast-schema-graph\">{\"@context\":\"https:\/\/schema.org\",\"@graph\":[{\"@type\":\"WebPage\",\"@id\":\"https:\/\/proktologia-rzeszow.pl\/\",\"url\":\"https:\/\/proktologia-rzeszow.pl\/\",\"name\":\"Prywatny Gabinet Proktologiczny CM Sabamed - lek. med. Tomasz Mac\",\"isPartOf\":{\"@id\":\"https:\/\/proktologia-rzeszow.pl\/#website\"},\"datePublished\":\"2017-03-11T18:56:02+00:00\",\"dateModified\":\"2020-06-17T20:25:07+00:00\",\"description\":\"tel: 17 857 60 26, Prywatny Gabinet Proktologiczny CM Sabamed Krasne 33 (przy trasie E4 Rzesz\u00f3w-\u0141a\u0144cut) diagnostyka i leczenie chor\u00f3b proktologicznych\",\"breadcrumb\":{\"@id\":\"https:\/\/proktologia-rzeszow.pl\/#breadcrumb\"},\"inLanguage\":\"pl-PL\",\"potentialAction\":[{\"@type\":\"ReadAction\",\"target\":[\"https:\/\/proktologia-rzeszow.pl\/\"]}]},{\"@type\":\"BreadcrumbList\",\"@id\":\"https:\/\/proktologia-rzeszow.pl\/#breadcrumb\",\"itemListElement\":[{\"@type\":\"ListItem\",\"position\":1,\"name\":\"Strona g\u0142\u00f3wna\",\"item\":\"https:\/\/proktologia-rzeszow.pl\/\"},{\"@type\":\"ListItem\",\"position\":2,\"name\":\"START\"}]},{\"@type\":\"WebSite\",\"@id\":\"https:\/\/proktologia-rzeszow.pl\/#website\",\"url\":\"https:\/\/proktologia-rzeszow.pl\/\",\"name\":\"lek. med. Tomasz Mac\",\"description\":\"specjalista chirurgii og\u00f3lnej specjalista gastroenterologii\",\"potentialAction\":[{\"@type\":\"SearchAction\",\"target\":{\"@type\":\"EntryPoint\",\"urlTemplate\":\"https:\/\/proktologia-rzeszow.pl\/?s={search_term_string}\"},\"query-input\":{\"@type\":\"PropertyValueSpecification\",\"valueRequired\":true,\"valueName\":\"search_term_string\"}}],\"inLanguage\":\"pl-PL\"}]}<\/script>\n<!-- \/ Yoast SEO plugin. -->","yoast_head_json":{"title":"Prywatny Gabinet Proktologiczny CM Sabamed - lek. med. Tomasz Mac","description":"tel: 17 857 60 26, Prywatny Gabinet Proktologiczny CM Sabamed Krasne 33 (przy trasie E4 Rzesz\u00f3w-\u0141a\u0144cut) diagnostyka i leczenie chor\u00f3b proktologicznych","robots":{"index":"index","follow":"follow","max-snippet":"max-snippet:-1","max-image-preview":"max-image-preview:large","max-video-preview":"max-video-preview:-1"},"canonical":"https:\/\/proktologia-rzeszow.pl\/","og_locale":"pl_PL","og_type":"article","og_title":"Prywatny Gabinet Proktologiczny CM Sabamed - lek. med. Tomasz Mac","og_description":"tel: 17 857 60 26, Prywatny Gabinet Proktologiczny CM Sabamed Krasne 33 (przy trasie E4 Rzesz\u00f3w-\u0141a\u0144cut) diagnostyka i leczenie chor\u00f3b proktologicznych","og_url":"https:\/\/proktologia-rzeszow.pl\/","og_site_name":"lek. med. Tomasz Mac","article_modified_time":"2020-06-17T20:25:07+00:00","twitter_card":"summary_large_image","schema":{"@context":"https:\/\/schema.org","@graph":[{"@type":"WebPage","@id":"https:\/\/proktologia-rzeszow.pl\/","url":"https:\/\/proktologia-rzeszow.pl\/","name":"Prywatny Gabinet Proktologiczny CM Sabamed - lek. med. Tomasz Mac","isPartOf":{"@id":"https:\/\/proktologia-rzeszow.pl\/#website"},"datePublished":"2017-03-11T18:56:02+00:00","dateModified":"2020-06-17T20:25:07+00:00","description":"tel: 17 857 60 26, Prywatny Gabinet Proktologiczny CM Sabamed Krasne 33 (przy trasie E4 Rzesz\u00f3w-\u0141a\u0144cut) diagnostyka i leczenie chor\u00f3b proktologicznych","breadcrumb":{"@id":"https:\/\/proktologia-rzeszow.pl\/#breadcrumb"},"inLanguage":"pl-PL","potentialAction":[{"@type":"ReadAction","target":["https:\/\/proktologia-rzeszow.pl\/"]}]},{"@type":"BreadcrumbList","@id":"https:\/\/proktologia-rzeszow.pl\/#breadcrumb","itemListElement":[{"@type":"ListItem","position":1,"name":"Strona g\u0142\u00f3wna","item":"https:\/\/proktologia-rzeszow.pl\/"},{"@type":"ListItem","position":2,"name":"START"}]},{"@type":"WebSite","@id":"https:\/\/proktologia-rzeszow.pl\/#website","url":"https:\/\/proktologia-rzeszow.pl\/","name":"lek. med. Tomasz Mac","description":"specjalista chirurgii og\u00f3lnej specjalista gastroenterologii","potentialAction":[{"@type":"SearchAction","target":{"@type":"EntryPoint","urlTemplate":"https:\/\/proktologia-rzeszow.pl\/?s={search_term_string}"},"query-input":{"@type":"PropertyValueSpecification","valueRequired":true,"valueName":"search_term_string"}}],"inLanguage":"pl-PL"}]}},"_links":{"self":[{"href":"https:\/\/proktologia-rzeszow.pl\/index.php\/wp-json\/wp\/v2\/pages\/11","targetHints":{"allow":["GET"]}}],"collection":[{"href":"https:\/\/proktologia-rzeszow.pl\/index.php\/wp-json\/wp\/v2\/pages"}],"about":[{"href":"https:\/\/proktologia-rzeszow.pl\/index.php\/wp-json\/wp\/v2\/types\/page"}],"author":[{"embeddable":true,"href":"https:\/\/proktologia-rzeszow.pl\/index.php\/wp-json\/wp\/v2\/users\/1"}],"replies":[{"embeddable":true,"href":"https:\/\/proktologia-rzeszow.pl\/index.php\/wp-json\/wp\/v2\/comments?post=11"}],"version-history":[{"count":8,"href":"https:\/\/proktologia-rzeszow.pl\/index.php\/wp-json\/wp\/v2\/pages\/11\/revisions"}],"predecessor-version":[{"id":61,"href":"https:\/\/proktologia-rzeszow.pl\/index.php\/wp-json\/wp\/v2\/pages\/11\/revisions\/61"}],"wp:attachment":[{"href":"https:\/\/proktologia-rzeszow.pl\/index.php\/wp-json\/wp\/v2\/media?parent=11"}],"curies":[{"name":"wp","href":"https:\/\/api.w.org\/{rel}","templated":true}]}}